{"id":1882,"date":"2022-01-27T14:08:06","date_gmt":"2022-01-27T13:08:06","guid":{"rendered":"https:\/\/thebarclaystudio.com\/politica-de-cookies\/"},"modified":"2022-02-18T16:17:48","modified_gmt":"2022-02-18T15:17:48","slug":"politica-de-cookies","status":"publish","type":"page","link":"https:\/\/thebarclaystudio.com\/es\/politica-de-cookies\/","title":{"rendered":"Polit\u00edca de Cookies"},"content":{"rendered":"\n<p>Una cookie es un fragmento de datos transferidos por nosotros a su disco duro que permite que nuestro sistema reconozca su navegador en visitas posteriores a este SITIO WEB. Podemos utilizar cookies para permitirnos rastrear y orientar sus intereses, y para mejorar su experiencia en este SITIO WEB. Las cookies no est\u00e1n vinculadas a informaci\u00f3n de identificaci\u00f3n personal.<\/p>\n\n<p>Utilizamos cookies de sesi\u00f3n, por ejemplo, cuando utiliza la funci\u00f3n de filtrado de productos, para comprobar si ha iniciado sesi\u00f3n o si ha puesto un art\u00edculo en su cesta de la compra.<\/p>\n\n<p>Utilizamos cookies propias y de terceros para recopilar estad\u00edsticas y datos de usuario de forma agregada e individual en herramientas de an\u00e1lisis para optimizar nuestro SITIO WEB y presentarle material de marketing relevante.<\/p>\n\n<p>Algunas cookies de terceros son establecidas por servicios que aparecen en nuestras p\u00e1ginas y no est\u00e1n bajo nuestro control. Los establecen los proveedores de redes sociales como Twitter, Instagram, Facebook y Vimeo y se relacionan con la capacidad de los usuarios para compartir contenido en este SITIO WEB, como lo indican sus respectivos \u00edconos.<\/p>\n\n<h3 class=\"wp-block-heading\" id=\"i-what-types-of-personal-data-do-we-process\">I. \u00bfQU\u00c9 TIPOS DE DATOS PERSONALES TRATAMOS?<\/h3>\n\n<p>Si deja un comentario en nuestro sitio, puede optar por guardar su nombre, direcci\u00f3n de correo electr\u00f3nico y sitio web en cookies. Esto es para su conveniencia, para que no tenga que volver a completar sus datos cuando deje otro comentario. Estas cookies tendr\u00e1n una duraci\u00f3n de un a\u00f1o.<\/p>\n\n<p>Si tiene una cuenta y se conecta a este sitio, instalaremos una cookie temporal para determinar si su navegador acepta cookies. Esta cookie no contiene datos personales y se elimina cuando se cierra el navegador.&#13;\n<\/p>\n\n<p>Cuando inicie sesi\u00f3n, tambi\u00e9n instalaremos varias cookies para guardar su informaci\u00f3n de inicio de sesi\u00f3n y sus opciones de visualizaci\u00f3n de pantalla. Las cookies de acceso duran dos d\u00edas y las cookies de opciones de pantalla duran un a\u00f1o. Si seleccionas \u201cRecordarme\u201d, tu acceso durar\u00e1 dos semanas. Si cierra sesi\u00f3n en su cuenta, las cookies de acceso se eliminar\u00e1n.&#13;\n<\/p>\n\n<p>Si edita o publica un art\u00edculo, se guardar\u00e1 una cookie adicional en su navegador. Esta cookie no incluye datos personales y simplemente indica el ID del art\u00edculo que acabas de editar. Caduca despu\u00e9s de 1 d\u00eda.&#13;\n<\/p>\n\n<h3 class=\"wp-block-heading\" id=\"ii-who-has-access-to-your-personal-data\">II. \u00bfQUI\u00c9N TIENE ACCESO A SUS DATOS PERSONALES?<\/h3>\n\n<p>Los datos que se env\u00edan a terceros solo se utilizan para brindarle los servicios mencionados anteriormente, una herramienta de an\u00e1lisis para recopilar estad\u00edsticas para optimizar nuestro SITIO WEB y presentarle material relevante.&#13;\n<\/p>\n\n<h3 class=\"wp-block-heading\" id=\"iii-what-is-the-legal-ground-to-process-your-data\">III. \u00bfCU\u00c1L ES LA BASE LEGAL PARA TRATAR SUS DATOS?<\/h3>\n\n<p><span style=\"font-weight: 400;\">Solo conectaremos sus cookies con sus datos personales si ha iniciado sesi\u00f3n en una cuenta de <strong>thebarclaystudio.com.<\/strong><\/span><\/p>\n\n<p>Si ha iniciado sesi\u00f3n en su cuenta, la base legal se basa en nuestro inter\u00e9s leg\u00edtimo.<\/p>\n\n<h3 class=\"wp-block-heading\" id=\"iv-how-long-do-we-save-your-data\">IV. \u00bfCU\u00c1NTO TIEMPO GUARDAMOS SUS DATOS?<\/h3>\n\n<p><strong>thebarclaystudio.com<\/strong> no guarda sus datos personales. Puede borrar f\u00e1cilmente las cookies de su computadora o dispositivo m\u00f3vil usando su navegador. Para obtener instrucciones sobre c\u00f3mo manejar y eliminar las cookies, consulte la secci\u00f3n \u00abAyuda\u00bb de su navegador. Puede optar por deshabilitar las cookies o recibir una notificaci\u00f3n cada vez que se env\u00ede una nueva cookie a su computadora o dispositivo m\u00f3vil. Tenga en cuenta que si elige deshabilitar las cookies, no podr\u00e1 aprovechar todas nuestras funciones.<\/p>\n\n<p>Tambi\u00e9n utilizamos las funciones publicitarias de Google Analytics. Lea m\u00e1s sobre esto y c\u00f3mo puede darse de baja aqu\u00ed: <strong>https:\/\/tools.google.com\/dlpage\/gaoptout\/.<\/strong><\/p>\n","protected":false},"excerpt":{"rendered":"<p>Una cookie es un fragmento de datos transferidos por nosotros a su disco duro que permite que nuestro sistema reconozca su navegador en visitas posteriores a este SITIO WEB. Podemos utilizar cookies para permitirnos rastrear y orientar sus intereses, y para mejorar su experiencia en este SITIO WEB. Las cookies no est\u00e1n vinculadas a informaci\u00f3n &hellip; <a href=\"https:\/\/thebarclaystudio.com\/es\/politica-de-cookies\/\">Ver m\u00e1s<\/a><\/p>\n","protected":false},"author":1,"featured_media":0,"parent":0,"menu_order":0,"comment_status":"closed","ping_status":"closed","template":"views\/template-legal.blade.php","meta":{"inline_featured_image":false,"footnotes":""},"class_list":["post-1882","page","type-page","status-publish","hentry"],"yoast_head":"<!-- This site is optimized with the Yoast SEO plugin v27.4 - https:\/\/yoast.com\/product\/yoast-seo-wordpress\/ -->\n<title>Polit\u00edca de Cookies - The Barclay Studio<\/title>\n<meta name=\"robots\" content=\"index, follow, max-snippet:-1, max-image-preview:large, max-video-preview:-1\" \/>\n<link rel=\"canonical\" href=\"https:\/\/thebarclaystudio.com\/es\/politica-de-cookies\/\" \/>\n<meta property=\"og:locale\" content=\"es_ES\" \/>\n<meta property=\"og:type\" content=\"article\" \/>\n<meta property=\"og:title\" content=\"Polit\u00edca de Cookies - The Barclay Studio\" \/>\n<meta property=\"og:description\" content=\"Una cookie es un fragmento de datos transferidos por nosotros a su disco duro que permite que nuestro sistema reconozca su navegador en visitas posteriores a este SITIO WEB. Podemos utilizar cookies para permitirnos rastrear y orientar sus intereses, y para mejorar su experiencia en este SITIO WEB. Las cookies no est\u00e1n vinculadas a informaci\u00f3n &hellip; Ver m\u00e1s\" \/>\n<meta property=\"og:url\" content=\"https:\/\/thebarclaystudio.com\/es\/politica-de-cookies\/\" \/>\n<meta property=\"og:site_name\" content=\"The Barclay Studio\" \/>\n<meta property=\"article:modified_time\" content=\"2022-02-18T15:17:48+00:00\" \/>\n<meta name=\"twitter:card\" content=\"summary_large_image\" \/>\n<meta name=\"twitter:label1\" content=\"Tiempo de lectura\" \/>\n\t<meta name=\"twitter:data1\" content=\"3 minutos\" \/>\n<script type=\"application\/ld+json\" class=\"yoast-schema-graph\">{\"@context\":\"https:\\\/\\\/schema.org\",\"@graph\":[{\"@type\":\"WebPage\",\"@id\":\"https:\\\/\\\/thebarclaystudio.com\\\/es\\\/politica-de-cookies\\\/\",\"url\":\"https:\\\/\\\/thebarclaystudio.com\\\/es\\\/politica-de-cookies\\\/\",\"name\":\"Polit\u00edca de Cookies - The Barclay Studio\",\"isPartOf\":{\"@id\":\"https:\\\/\\\/thebarclaystudio.com\\\/es\\\/#website\"},\"datePublished\":\"2022-01-27T13:08:06+00:00\",\"dateModified\":\"2022-02-18T15:17:48+00:00\",\"breadcrumb\":{\"@id\":\"https:\\\/\\\/thebarclaystudio.com\\\/es\\\/politica-de-cookies\\\/#breadcrumb\"},\"inLanguage\":\"es\",\"potentialAction\":[{\"@type\":\"ReadAction\",\"target\":[\"https:\\\/\\\/thebarclaystudio.com\\\/es\\\/politica-de-cookies\\\/\"]}]},{\"@type\":\"BreadcrumbList\",\"@id\":\"https:\\\/\\\/thebarclaystudio.com\\\/es\\\/politica-de-cookies\\\/#breadcrumb\",\"itemListElement\":[{\"@type\":\"ListItem\",\"position\":1,\"name\":\"Home\",\"item\":\"https:\\\/\\\/thebarclaystudio.com\\\/es\\\/\"},{\"@type\":\"ListItem\",\"position\":2,\"name\":\"Polit\u00edca de Cookies\"}]},{\"@type\":\"WebSite\",\"@id\":\"https:\\\/\\\/thebarclaystudio.com\\\/es\\\/#website\",\"url\":\"https:\\\/\\\/thebarclaystudio.com\\\/es\\\/\",\"name\":\"The Barclay Studio\",\"description\":\"Una forma de vida\",\"potentialAction\":[{\"@type\":\"SearchAction\",\"target\":{\"@type\":\"EntryPoint\",\"urlTemplate\":\"https:\\\/\\\/thebarclaystudio.com\\\/es\\\/?s={search_term_string}\"},\"query-input\":{\"@type\":\"PropertyValueSpecification\",\"valueRequired\":true,\"valueName\":\"search_term_string\"}}],\"inLanguage\":\"es\"}]}<\/script>\n<!-- \/ Yoast SEO plugin. -->","yoast_head_json":{"title":"Polit\u00edca de Cookies - The Barclay Studio","robots":{"index":"index","follow":"follow","max-snippet":"max-snippet:-1","max-image-preview":"max-image-preview:large","max-video-preview":"max-video-preview:-1"},"canonical":"https:\/\/thebarclaystudio.com\/es\/politica-de-cookies\/","og_locale":"es_ES","og_type":"article","og_title":"Polit\u00edca de Cookies - The Barclay Studio","og_description":"Una cookie es un fragmento de datos transferidos por nosotros a su disco duro que permite que nuestro sistema reconozca su navegador en visitas posteriores a este SITIO WEB. Podemos utilizar cookies para permitirnos rastrear y orientar sus intereses, y para mejorar su experiencia en este SITIO WEB. Las cookies no est\u00e1n vinculadas a informaci\u00f3n &hellip; Ver m\u00e1s","og_url":"https:\/\/thebarclaystudio.com\/es\/politica-de-cookies\/","og_site_name":"The Barclay Studio","article_modified_time":"2022-02-18T15:17:48+00:00","twitter_card":"summary_large_image","twitter_misc":{"Tiempo de lectura":"3 minutos"},"schema":{"@context":"https:\/\/schema.org","@graph":[{"@type":"WebPage","@id":"https:\/\/thebarclaystudio.com\/es\/politica-de-cookies\/","url":"https:\/\/thebarclaystudio.com\/es\/politica-de-cookies\/","name":"Polit\u00edca de Cookies - The Barclay Studio","isPartOf":{"@id":"https:\/\/thebarclaystudio.com\/es\/#website"},"datePublished":"2022-01-27T13:08:06+00:00","dateModified":"2022-02-18T15:17:48+00:00","breadcrumb":{"@id":"https:\/\/thebarclaystudio.com\/es\/politica-de-cookies\/#breadcrumb"},"inLanguage":"es","potentialAction":[{"@type":"ReadAction","target":["https:\/\/thebarclaystudio.com\/es\/politica-de-cookies\/"]}]},{"@type":"BreadcrumbList","@id":"https:\/\/thebarclaystudio.com\/es\/politica-de-cookies\/#breadcrumb","itemListElement":[{"@type":"ListItem","position":1,"name":"Home","item":"https:\/\/thebarclaystudio.com\/es\/"},{"@type":"ListItem","position":2,"name":"Polit\u00edca de Cookies"}]},{"@type":"WebSite","@id":"https:\/\/thebarclaystudio.com\/es\/#website","url":"https:\/\/thebarclaystudio.com\/es\/","name":"The Barclay Studio","description":"Una forma de vida","potentialAction":[{"@type":"SearchAction","target":{"@type":"EntryPoint","urlTemplate":"https:\/\/thebarclaystudio.com\/es\/?s={search_term_string}"},"query-input":{"@type":"PropertyValueSpecification","valueRequired":true,"valueName":"search_term_string"}}],"inLanguage":"es"}]}},"_links":{"self":[{"href":"https:\/\/thebarclaystudio.com\/es\/wp-json\/wp\/v2\/pages\/1882","targetHints":{"allow":["GET"]}}],"collection":[{"href":"https:\/\/thebarclaystudio.com\/es\/wp-json\/wp\/v2\/pages"}],"about":[{"href":"https:\/\/thebarclaystudio.com\/es\/wp-json\/wp\/v2\/types\/page"}],"author":[{"embeddable":true,"href":"https:\/\/thebarclaystudio.com\/es\/wp-json\/wp\/v2\/users\/1"}],"replies":[{"embeddable":true,"href":"https:\/\/thebarclaystudio.com\/es\/wp-json\/wp\/v2\/comments?post=1882"}],"version-history":[{"count":1,"href":"https:\/\/thebarclaystudio.com\/es\/wp-json\/wp\/v2\/pages\/1882\/revisions"}],"predecessor-version":[{"id":1883,"href":"https:\/\/thebarclaystudio.com\/es\/wp-json\/wp\/v2\/pages\/1882\/revisions\/1883"}],"wp:attachment":[{"href":"https:\/\/thebarclaystudio.com\/es\/wp-json\/wp\/v2\/media?parent=1882"}],"curies":[{"name":"wp","href":"https:\/\/api.w.org\/{rel}","templated":true}]}}