{"id":1884,"date":"2022-01-27T14:01:01","date_gmt":"2022-01-27T13:01:01","guid":{"rendered":"https:\/\/thebarclaystudio.com\/envios-y-entregas\/"},"modified":"2022-02-18T16:28:02","modified_gmt":"2022-02-18T15:28:02","slug":"envios-y-entregas","status":"publish","type":"page","link":"https:\/\/thebarclaystudio.com\/es\/envios-y-entregas\/","title":{"rendered":"Env\u00edos y entregas"},"content":{"rendered":"\n<h3 class=\"wp-block-heading\" id=\"i-producing\"><strong>I. PRODUCIR<\/strong><\/h3>\n\n<p>Tenga en cuenta que The Barclay Studio sigue un modelo hecho a pedido para minimizar su huella ambiental y reducir los desechos. Nuestra misi\u00f3n es crear valor proponiendo productos locales, artesanales y conscientes. Ya que son hechos a mano, una vez realizado el pedido tenga en cuenta que dependiendo del tiempo de producci\u00f3n, su pedido tardar\u00e1 de DOS a CUATRO SEMANAS en ser producido y enviado.<\/p>\n\n<h3 class=\"wp-block-heading\" id=\"ii-shipping-policies-and-procedures\"><strong>II. POL\u00cdTICAS Y PROCEDIMIENTOS DE ENV\u00cdO<\/strong><\/h3>\n\n<p>Revise nuestras pol\u00edticas y procedimientos de env\u00edo antes de realizar pedidos de mercanc\u00edas disponibles en este SITIO WEB. No seremos responsables de ninguna p\u00e9rdida, da\u00f1o, costo o gasto relacionado con retrasos en el env\u00edo o la entrega de la mercanc\u00eda. El riesgo de p\u00e9rdida y la titularidad de toda la mercanc\u00eda comprada en este SITIO WEB pasar\u00e1 a usted una vez que entreguemos esa mercanc\u00eda al transportista seleccionado para entregarla.&#13;\n<\/p>\n\n<p>The Barclay Studio tiene su sede en Barcelona, \u200b\u200bEspa\u00f1a. Realizamos env\u00edos internacionales a todo el mundo. Los gastos de env\u00edo y manejo se basan en los art\u00edculos comprados y la regi\u00f3n de entrega. Todo cargo de env\u00edo y de impuestos de aduana ser\u00e1n a cargo del cliente. <\/p>\n\n<h3 class=\"wp-block-heading\" id=\"iii-production-and-delivery-time\"><strong>III. TIEMPO DE PRODUCCI\u00d3N Y ENTREGA<\/strong><\/h3>\n\n<p>Entrega significa la entrega f\u00edsica del Producto al cliente (en adelante, la \u201cEntrega\u201d).&#13;\n&#13;\n<\/p>\n\n<p>Los productos adquiridos en el SITIO WEB pueden ser entregados en ESPA\u00d1A y en el extranjero.<\/p>\n\n<p>Los costes de env\u00edo se basan en el peso, la distancia y el manejo. No obtenemos ning\u00fan beneficio con el env\u00edo, el precio indicado es el coste real o incluso tiene un peque\u00f1o descuento.&#13;\n<\/p>\n\n<ul class=\"wp-block-list\"><li>\u00a1Importante! Cada pieza est\u00e1 hecha a mano bajo demanda. Por ello, adem\u00e1s del plazo de entrega, hay que sumar el tiempo de fabricaci\u00f3n que puede oscilar entre dos y cuatro semanas dependiendo de la producci\u00f3n.<\/li><li>Tiempo de entrega en Barcelona, \u200b\u200bespere entre 3 y 5 d\u00edas h\u00e1biles para que se env\u00eden sus art\u00edculos.&#13;\n<\/li><li>Plazo de entrega al resto de Espa\u00f1a, 4-7 d\u00edas laborables para el env\u00edo de tus art\u00edculos. <\/li><li>Los pedidos internacionales pueden demorar entre 10 y 15 d\u00edas h\u00e1biles seg\u00fan la regi\u00f3n.<\/li><\/ul>\n\n<h3 class=\"wp-block-heading\" id=\"iv-shipping-costs\">IV. COSTES DE ENV\u00cdO<\/h3>\n\n<p>Los costes de env\u00edo se basan en el peso, la distancia y el manejo. No obtenemos ning\u00fan beneficio con el env\u00edo, el precio indicado es el coste real o incluso tiene un peque\u00f1o descuento.&#13;\n<\/p>\n\n<p><strong>Importante:<\/strong> El precio exacto del transporte se calcular\u00e1 incluyendo cada art\u00edculo en la bolsa de la compra y se detallar\u00e1 en la p\u00e1gina que resume la compra antes de que el cliente confirme el pedido haciendo clic en el bot\u00f3n &#8216;Confirmar pago&#8217; y antes de la introducci\u00f3n de los detalles de pago. Los costos de env\u00edo pueden cambiar en cualquier momento sin previo aviso. Dicho cambio ser\u00e1 aplicable desde el momento en que se incluya la modificaci\u00f3n en estas Condiciones de Venta. En cualquier caso, ser\u00e1n v\u00e1lidos aquellos gastos de env\u00edo que aparezcan en el momento del pedido<\/p>\n\n<h3 class=\"wp-block-heading\" id=\"v-import-duties\">V. DERECHOS DE IMPORTACI\u00d3N<\/h3>\n\n<p>Los clientes son responsables de todos los derechos de importaci\u00f3n y aranceles aduaneros dentro de su propio pa\u00eds para pedidos internacionales. The Barclay Studio no puede predecir ni identificar cu\u00e1nto tardar\u00e1 en llegar un pedido una vez que llegue a la aduana de su pa\u00eds espec\u00edfico.<\/p>\n\n<h3 class=\"wp-block-heading\" id=\"vi-deliveries\">VI. ENTREGAS<\/h3>\n\n<p>Para evitar incidencias en la entrega (direcciones equivocadas, imposibilidad de encontrar a alguien en el domicilio, etc.), es imprescindible cumplimentar correctamente el formulario correspondiente.<\/p>\n\n<p>Tenga en cuenta que no ser\u00e1 posible enviar pedidos a bases militares o apartados de correos.&#13;\n<\/p>\n\n<p>El riesgo de los productos correr\u00e1 a cargo del cliente desde el momento de la entrega. El env\u00edo de los productos adquiridos a trav\u00e9s del SITIO WEB e Instagram se realizar\u00e1 a trav\u00e9s de una empresa de mensajer\u00eda y se entregar\u00e1 en el plazo indicado en el SITIO WEB seg\u00fan el m\u00e9todo de env\u00edo seleccionado y, en todo caso, en el plazo m\u00e1ximo de treinta (30) d\u00edas. d\u00edas naturales a partir de la fecha de recepci\u00f3n de la Confirmaci\u00f3n.<\/p>\n","protected":false},"excerpt":{"rendered":"<p>I. PRODUCIR Tenga en cuenta que The Barclay Studio sigue un modelo hecho a pedido para minimizar su huella ambiental y reducir los desechos. Nuestra misi\u00f3n es crear valor proponiendo productos locales, artesanales y conscientes. Ya que son hechos a mano, una vez realizado el pedido tenga en cuenta que dependiendo del tiempo de producci\u00f3n, &hellip; <a href=\"https:\/\/thebarclaystudio.com\/es\/envios-y-entregas\/\">Ver m\u00e1s<\/a><\/p>\n","protected":false},"author":1,"featured_media":0,"parent":0,"menu_order":0,"comment_status":"closed","ping_status":"closed","template":"views\/template-legal.blade.php","meta":{"inline_featured_image":false,"footnotes":""},"class_list":["post-1884","page","type-page","status-publish","hentry"],"yoast_head":"<!-- This site is optimized with the Yoast SEO plugin v27.4 - https:\/\/yoast.com\/product\/yoast-seo-wordpress\/ -->\n<title>Env\u00edos y entregas - The Barclay Studio<\/title>\n<meta name=\"robots\" content=\"index, follow, max-snippet:-1, max-image-preview:large, max-video-preview:-1\" \/>\n<link rel=\"canonical\" href=\"https:\/\/thebarclaystudio.com\/es\/envios-y-entregas\/\" \/>\n<meta property=\"og:locale\" content=\"es_ES\" \/>\n<meta property=\"og:type\" content=\"article\" \/>\n<meta property=\"og:title\" content=\"Env\u00edos y entregas - The Barclay Studio\" \/>\n<meta property=\"og:description\" content=\"I. PRODUCIR Tenga en cuenta que The Barclay Studio sigue un modelo hecho a pedido para minimizar su huella ambiental y reducir los desechos. Nuestra misi\u00f3n es crear valor proponiendo productos locales, artesanales y conscientes. Ya que son hechos a mano, una vez realizado el pedido tenga en cuenta que dependiendo del tiempo de producci\u00f3n, &hellip; Ver m\u00e1s\" \/>\n<meta property=\"og:url\" content=\"https:\/\/thebarclaystudio.com\/es\/envios-y-entregas\/\" \/>\n<meta property=\"og:site_name\" content=\"The Barclay Studio\" \/>\n<meta property=\"article:modified_time\" content=\"2022-02-18T15:28:02+00:00\" \/>\n<meta name=\"twitter:card\" content=\"summary_large_image\" \/>\n<meta name=\"twitter:label1\" content=\"Tiempo de lectura\" \/>\n\t<meta name=\"twitter:data1\" content=\"4 minutos\" \/>\n<script type=\"application\/ld+json\" class=\"yoast-schema-graph\">{\"@context\":\"https:\\\/\\\/schema.org\",\"@graph\":[{\"@type\":\"WebPage\",\"@id\":\"https:\\\/\\\/thebarclaystudio.com\\\/es\\\/envios-y-entregas\\\/\",\"url\":\"https:\\\/\\\/thebarclaystudio.com\\\/es\\\/envios-y-entregas\\\/\",\"name\":\"Env\u00edos y entregas - The Barclay Studio\",\"isPartOf\":{\"@id\":\"https:\\\/\\\/thebarclaystudio.com\\\/es\\\/#website\"},\"datePublished\":\"2022-01-27T13:01:01+00:00\",\"dateModified\":\"2022-02-18T15:28:02+00:00\",\"breadcrumb\":{\"@id\":\"https:\\\/\\\/thebarclaystudio.com\\\/es\\\/envios-y-entregas\\\/#breadcrumb\"},\"inLanguage\":\"es\",\"potentialAction\":[{\"@type\":\"ReadAction\",\"target\":[\"https:\\\/\\\/thebarclaystudio.com\\\/es\\\/envios-y-entregas\\\/\"]}]},{\"@type\":\"BreadcrumbList\",\"@id\":\"https:\\\/\\\/thebarclaystudio.com\\\/es\\\/envios-y-entregas\\\/#breadcrumb\",\"itemListElement\":[{\"@type\":\"ListItem\",\"position\":1,\"name\":\"Home\",\"item\":\"https:\\\/\\\/thebarclaystudio.com\\\/es\\\/\"},{\"@type\":\"ListItem\",\"position\":2,\"name\":\"Env\u00edos y entregas\"}]},{\"@type\":\"WebSite\",\"@id\":\"https:\\\/\\\/thebarclaystudio.com\\\/es\\\/#website\",\"url\":\"https:\\\/\\\/thebarclaystudio.com\\\/es\\\/\",\"name\":\"The Barclay Studio\",\"description\":\"Una forma de vida\",\"potentialAction\":[{\"@type\":\"SearchAction\",\"target\":{\"@type\":\"EntryPoint\",\"urlTemplate\":\"https:\\\/\\\/thebarclaystudio.com\\\/es\\\/?s={search_term_string}\"},\"query-input\":{\"@type\":\"PropertyValueSpecification\",\"valueRequired\":true,\"valueName\":\"search_term_string\"}}],\"inLanguage\":\"es\"}]}<\/script>\n<!-- \/ Yoast SEO plugin. -->","yoast_head_json":{"title":"Env\u00edos y entregas - The Barclay Studio","robots":{"index":"index","follow":"follow","max-snippet":"max-snippet:-1","max-image-preview":"max-image-preview:large","max-video-preview":"max-video-preview:-1"},"canonical":"https:\/\/thebarclaystudio.com\/es\/envios-y-entregas\/","og_locale":"es_ES","og_type":"article","og_title":"Env\u00edos y entregas - The Barclay Studio","og_description":"I. PRODUCIR Tenga en cuenta que The Barclay Studio sigue un modelo hecho a pedido para minimizar su huella ambiental y reducir los desechos. Nuestra misi\u00f3n es crear valor proponiendo productos locales, artesanales y conscientes. Ya que son hechos a mano, una vez realizado el pedido tenga en cuenta que dependiendo del tiempo de producci\u00f3n, &hellip; Ver m\u00e1s","og_url":"https:\/\/thebarclaystudio.com\/es\/envios-y-entregas\/","og_site_name":"The Barclay Studio","article_modified_time":"2022-02-18T15:28:02+00:00","twitter_card":"summary_large_image","twitter_misc":{"Tiempo de lectura":"4 minutos"},"schema":{"@context":"https:\/\/schema.org","@graph":[{"@type":"WebPage","@id":"https:\/\/thebarclaystudio.com\/es\/envios-y-entregas\/","url":"https:\/\/thebarclaystudio.com\/es\/envios-y-entregas\/","name":"Env\u00edos y entregas - The Barclay Studio","isPartOf":{"@id":"https:\/\/thebarclaystudio.com\/es\/#website"},"datePublished":"2022-01-27T13:01:01+00:00","dateModified":"2022-02-18T15:28:02+00:00","breadcrumb":{"@id":"https:\/\/thebarclaystudio.com\/es\/envios-y-entregas\/#breadcrumb"},"inLanguage":"es","potentialAction":[{"@type":"ReadAction","target":["https:\/\/thebarclaystudio.com\/es\/envios-y-entregas\/"]}]},{"@type":"BreadcrumbList","@id":"https:\/\/thebarclaystudio.com\/es\/envios-y-entregas\/#breadcrumb","itemListElement":[{"@type":"ListItem","position":1,"name":"Home","item":"https:\/\/thebarclaystudio.com\/es\/"},{"@type":"ListItem","position":2,"name":"Env\u00edos y entregas"}]},{"@type":"WebSite","@id":"https:\/\/thebarclaystudio.com\/es\/#website","url":"https:\/\/thebarclaystudio.com\/es\/","name":"The Barclay Studio","description":"Una forma de vida","potentialAction":[{"@type":"SearchAction","target":{"@type":"EntryPoint","urlTemplate":"https:\/\/thebarclaystudio.com\/es\/?s={search_term_string}"},"query-input":{"@type":"PropertyValueSpecification","valueRequired":true,"valueName":"search_term_string"}}],"inLanguage":"es"}]}},"_links":{"self":[{"href":"https:\/\/thebarclaystudio.com\/es\/wp-json\/wp\/v2\/pages\/1884","targetHints":{"allow":["GET"]}}],"collection":[{"href":"https:\/\/thebarclaystudio.com\/es\/wp-json\/wp\/v2\/pages"}],"about":[{"href":"https:\/\/thebarclaystudio.com\/es\/wp-json\/wp\/v2\/types\/page"}],"author":[{"embeddable":true,"href":"https:\/\/thebarclaystudio.com\/es\/wp-json\/wp\/v2\/users\/1"}],"replies":[{"embeddable":true,"href":"https:\/\/thebarclaystudio.com\/es\/wp-json\/wp\/v2\/comments?post=1884"}],"version-history":[{"count":1,"href":"https:\/\/thebarclaystudio.com\/es\/wp-json\/wp\/v2\/pages\/1884\/revisions"}],"predecessor-version":[{"id":1885,"href":"https:\/\/thebarclaystudio.com\/es\/wp-json\/wp\/v2\/pages\/1884\/revisions\/1885"}],"wp:attachment":[{"href":"https:\/\/thebarclaystudio.com\/es\/wp-json\/wp\/v2\/media?parent=1884"}],"curies":[{"name":"wp","href":"https:\/\/api.w.org\/{rel}","templated":true}]}}