{"id":3613,"date":"2022-12-13T14:39:16","date_gmt":"2022-12-13T13:39:16","guid":{"rendered":"https:\/\/thebarclaystudio.com\/compra-al-por-mayor\/"},"modified":"2023-01-04T10:49:01","modified_gmt":"2023-01-04T09:49:01","slug":"compra-al-por-mayor","status":"publish","type":"page","link":"https:\/\/thebarclaystudio.com\/es\/compra-al-por-mayor\/","title":{"rendered":"Compra al por mayor"},"content":{"rendered":"\t\t<div data-elementor-type=\"wp-page\" data-elementor-id=\"3613\" class=\"elementor elementor-3613 elementor-3510\" data-elementor-post-type=\"page\">\n\t\t\t\t\t\t<section class=\"elementor-section elementor-top-section elementor-element elementor-element-8ee22f5 elementor-section-full_width elementor-section-height-default elementor-section-height-default\" data-id=\"8ee22f5\" data-element_type=\"section\" data-e-type=\"section\">\n\t\t\t\t\t\t<div class=\"elementor-container elementor-column-gap-no\">\n\t\t\t\t\t<div class=\"elementor-column elementor-col-100 elementor-top-column elementor-element elementor-element-0fe5786\" data-id=\"0fe5786\" data-element_type=\"column\" data-e-type=\"column\">\n\t\t\t<div class=\"elementor-widget-wrap elementor-element-populated\">\n\t\t\t\t\t\t<div class=\"elementor-element elementor-element-6b141a9 elementor-widget elementor-widget-shortcode\" data-id=\"6b141a9\" data-element_type=\"widget\" data-e-type=\"widget\" data-widget_type=\"shortcode.default\">\n\t\t\t\t<div class=\"elementor-widget-container\">\n\t\t\t\t\t\t\t<div class=\"elementor-shortcode\">\t\t<div data-elementor-type=\"section\" data-elementor-id=\"3603\" class=\"elementor elementor-3603 elementor-3593 elementor-3593\" data-elementor-post-type=\"elementor_library\">\n\t\t\t\t\t<section class=\"elementor-section elementor-top-section elementor-element elementor-element-7f762edb elementor-section-content-middle elementor-reverse-mobile elementor-section-boxed elementor-section-height-default elementor-section-height-default\" data-id=\"7f762edb\" data-element_type=\"section\" data-e-type=\"section\" data-settings=\"{&quot;background_background&quot;:&quot;classic&quot;}\">\n\t\t\t\t\t\t<div class=\"elementor-container elementor-column-gap-wider\">\n\t\t\t\t\t<div class=\"elementor-column elementor-col-50 elementor-top-column elementor-element elementor-element-5f667b54\" data-id=\"5f667b54\" data-element_type=\"column\" data-e-type=\"column\">\n\t\t\t<div class=\"elementor-widget-wrap elementor-element-populated\">\n\t\t\t\t\t\t<div class=\"elementor-element elementor-element-555362f4 elementor-invisible elementor-widget elementor-widget-heading\" data-id=\"555362f4\" data-element_type=\"widget\" data-e-type=\"widget\" data-settings=\"{&quot;_animation&quot;:&quot;fadeInUp&quot;}\" data-widget_type=\"heading.default\">\n\t\t\t\t<div class=\"elementor-widget-container\">\n\t\t\t\t\t<h1 class=\"elementor-heading-title elementor-size-small\">COMPRA AL POR MAYOR<\/h1>\t\t\t\t<\/div>\n\t\t\t\t<\/div>\n\t\t\t\t<div class=\"elementor-element elementor-element-ef7e486 elementor-invisible elementor-widget elementor-widget-heading\" data-id=\"ef7e486\" data-element_type=\"widget\" data-e-type=\"widget\" data-settings=\"{&quot;_animation&quot;:&quot;fadeInUp&quot;}\" data-widget_type=\"heading.default\">\n\t\t\t\t<div class=\"elementor-widget-container\">\n\t\t\t\t\t<h2 class=\"elementor-heading-title elementor-size-xl\">Compra The Barclay Studio para tu tienda<\/h2>\t\t\t\t<\/div>\n\t\t\t\t<\/div>\n\t\t\t\t<div class=\"elementor-element elementor-element-cca1b21 elementor-widget__width-initial elementor-invisible elementor-widget elementor-widget-text-editor\" data-id=\"cca1b21\" data-element_type=\"widget\" data-e-type=\"widget\" data-settings=\"{&quot;_animation&quot;:&quot;fadeInUp&quot;}\" data-widget_type=\"text-editor.default\">\n\t\t\t\t<div class=\"elementor-widget-container\">\n\t\t\t\t\t\t\t\t\t<p>Nos hemos asociado con Faire para ofrecer:<\/p>\n\t\t\t\t\t\t\t\t<\/div>\n\t\t\t\t<\/div>\n\t\t\t\t<section class=\"elementor-section elementor-inner-section elementor-element elementor-element-64771563 elementor-section-boxed elementor-section-height-default elementor-section-height-default\" data-id=\"64771563\" data-element_type=\"section\" data-e-type=\"section\">\n\t\t\t\t\t\t<div class=\"elementor-container elementor-column-gap-default\">\n\t\t\t\t\t<div class=\"elementor-column elementor-col-50 elementor-inner-column elementor-element elementor-element-7d43f4e4\" data-id=\"7d43f4e4\" data-element_type=\"column\" data-e-type=\"column\">\n\t\t\t<div class=\"elementor-widget-wrap elementor-element-populated\">\n\t\t\t\t\t\t<div class=\"elementor-element elementor-element-4233490d elementor-view-default elementor-position-block-start elementor-mobile-position-block-start elementor-invisible elementor-widget elementor-widget-icon-box\" data-id=\"4233490d\" data-element_type=\"widget\" data-e-type=\"widget\" data-settings=\"{&quot;_animation&quot;:&quot;fadeInUp&quot;}\" data-widget_type=\"icon-box.default\">\n\t\t\t\t<div class=\"elementor-widget-container\">\n\t\t\t\t\t\t\t<div class=\"elementor-icon-box-wrapper\">\n\n\t\t\t\t\t\t<div class=\"elementor-icon-box-icon\">\n\t\t\t\t<a href=\"https:\/\/thebarclaystudio.faire.com\/\" target=\"_blank\" rel=\"nofollow\" class=\"elementor-icon\" tabindex=\"-1\" aria-label=\"Devoluciones gratuitas\">\n\t\t\t\t<svg xmlns=\"https:\/\/www.w3.org\/2000\/svg\" width=\"68\" height=\"68\" viewBox=\"0 0 103 103\" fill=\"none\" style=\"height: auto;\"><circle cx=\"51.5\" cy=\"51.5\" r=\"51.5\" fill=\"white\"><\/circle><rect x=\"32.5\" y=\"47.8572\" width=\"35.6429\" height=\"26.6429\" stroke=\"#333333\"><\/rect><path d=\"M42.2855 48.7128V61.8913L46.1427 59.4736L49.9998 61.8913L53.857 59.4736L57.7141 61.8913V48.7128\" stroke=\"#333333\" stroke-linecap=\"round\" stroke-linejoin=\"round\"><\/path><path d=\"M50.6429 30L46.7858 35.7857L50.6429 41.5714\" stroke=\"#333333\" stroke-linecap=\"round\" stroke-linejoin=\"round\"><\/path><line x1=\"60.646\" y1=\"66.1086\" x2=\"60.646\" y2=\"70.2515\" stroke=\"#333333\" stroke-linecap=\"round\"><\/line><line x1=\"63.8601\" y1=\"66.1086\" x2=\"63.8601\" y2=\"70.2515\" stroke=\"#333333\" stroke-linecap=\"round\"><\/line><path d=\"M69.9286 55.0715C75.2542 55.0715 79.5715 50.7542 79.5715 45.4286C79.5715 40.103 75.2542 35.7858 69.9286 35.7858H46.7858\" stroke=\"#333333\"><\/path><path fill-rule=\"evenodd\" clip-rule=\"evenodd\" d=\"M35.4909 24C34.5138 24 33.5391 24.3586 32.791 25.0836L32.1494 25.7005L31.5205 25.0892C30.7724 24.3641 29.7969 24.0016 28.8215 24.0016C27.8452 24.0016 26.8697 24.3641 26.1216 25.0892C24.6261 26.5393 24.6261 28.9291 26.1216 30.3784C28.0002 32.1998 29.878 34.0172 31.7567 35.8378C31.8688 35.9459 32.0134 36 32.1589 36C32.3036 36 32.4491 35.9459 32.5612 35.8378L38.1899 30.3729C39.683 28.922 39.6846 26.5337 38.1899 25.0836C37.4418 24.3586 36.4671 24 35.4909 24ZM35.4909 24.795C36.3026 24.795 37.065 25.1003 37.6366 25.6544C38.2027 26.203 38.5159 26.9392 38.5159 27.7255C38.5159 28.5133 38.2035 29.2511 37.6358 29.802L32.1589 35.1207L29.4996 32.5449L26.6757 29.8084C26.1081 29.2575 25.7956 28.5213 25.7956 27.7342C25.7956 26.9471 26.1081 26.2102 26.6757 25.66C27.2497 25.1035 28.0113 24.7966 28.8215 24.7966C29.6308 24.7966 30.3932 25.1035 30.9664 25.6592L31.5961 26.2706L32.147 26.8064L32.7011 26.2738L33.3451 25.6544C33.9167 25.1003 34.6783 24.795 35.4909 24.795Z\" fill=\"#333333\" stroke=\"#333333\" stroke-width=\"0.15\"><\/path><\/svg>\t\t\t\t<\/a>\n\t\t\t<\/div>\n\t\t\t\n\t\t\t\t\t\t<div class=\"elementor-icon-box-content\">\n\n\t\t\t\t\t\t\t\t\t<h3 class=\"elementor-icon-box-title\">\n\t\t\t\t\t\t<a href=\"https:\/\/thebarclaystudio.faire.com\/\" target=\"_blank\" rel=\"nofollow\" >\n\t\t\t\t\t\t\tDevoluciones gratuitas\t\t\t\t\t\t<\/a>\n\t\t\t\t\t<\/h3>\n\t\t\t\t\n\t\t\t\t\t\t\t\t\t<p class=\"elementor-icon-box-description\">\n\t\t\t\t\t\tCompra sin riesgo\t\t\t\t\t<\/p>\n\t\t\t\t\n\t\t\t<\/div>\n\t\t\t\n\t\t<\/div>\n\t\t\t\t\t\t<\/div>\n\t\t\t\t<\/div>\n\t\t\t\t\t<\/div>\n\t\t<\/div>\n\t\t\t\t<div class=\"elementor-column elementor-col-50 elementor-inner-column elementor-element elementor-element-2823bad0\" data-id=\"2823bad0\" data-element_type=\"column\" data-e-type=\"column\">\n\t\t\t<div class=\"elementor-widget-wrap elementor-element-populated\">\n\t\t\t\t\t\t<div class=\"elementor-element elementor-element-7bbeaed7 elementor-view-default elementor-position-block-start elementor-mobile-position-block-start elementor-invisible elementor-widget elementor-widget-icon-box\" data-id=\"7bbeaed7\" data-element_type=\"widget\" data-e-type=\"widget\" data-settings=\"{&quot;_animation&quot;:&quot;fadeInUp&quot;}\" data-widget_type=\"icon-box.default\">\n\t\t\t\t<div class=\"elementor-widget-container\">\n\t\t\t\t\t\t\t<div class=\"elementor-icon-box-wrapper\">\n\n\t\t\t\t\t\t<div class=\"elementor-icon-box-icon\">\n\t\t\t\t<a href=\"https:\/\/thebarclaystudio.faire.com\/\" target=\"_blank\" rel=\"nofollow\" class=\"elementor-icon\" tabindex=\"-1\" aria-label=\"Pago a 60 d\u00edas\">\n\t\t\t\t<svg xmlns=\"https:\/\/www.w3.org\/2000\/svg\" width=\"68\" height=\"68\" viewBox=\"0 0 103 103\" fill=\"none\" style=\"height: auto;\"><circle cx=\"51.5\" cy=\"51.5\" r=\"51.5\" fill=\"white\"><\/circle><circle cx=\"60.7369\" cy=\"14.1022\" r=\"1.5\" transform=\"rotate(44.0396 60.7369 14.1022)\" stroke=\"#333333\"><\/circle><path d=\"M78.07 25.0013L80.4274 23.1459\" stroke=\"#333333\" stroke-linecap=\"round\"><\/path><path d=\"M72.5693 29.3305L74.9268 27.4751\" stroke=\"#333333\" stroke-linecap=\"round\"><\/path><path d=\"M75.2613 24.6666L73.4059 22.3092\" stroke=\"#333333\" stroke-linecap=\"round\"><\/path><path d=\"M79.5907 30.1672L77.7352 27.8098\" stroke=\"#333333\" stroke-linecap=\"round\"><\/path><circle cx=\"52.6216\" cy=\"42.7568\" r=\"8.25676\" fill=\"white\" stroke=\"#333333\"><\/circle><path d=\"M57.4864 42.7567C57.4864 45.4435 55.3084 47.6216 52.6216 47.6216M47.7567 42.7567C47.7567 40.0699 49.9348 37.8918 52.6216 37.8918\" stroke=\"#333333\" stroke-linecap=\"round\"><\/path><path d=\"M44.5135 51.5135H60.0811\" stroke=\"#333333\" stroke-linecap=\"round\"><\/path><path d=\"M59.7567 47.6216C68.1754 47.6216 75 54.4462 75 62.8648C75 68.8203 71.5846 73.9781 66.6057 76.4864V82H58.7838V78.0775H46.4594V82H38.6757\" stroke=\"#333333\" stroke-linecap=\"round\" stroke-linejoin=\"round\"><\/path><path d=\"M45.4863 47.6216C44.488 47.6216 43.5122 47.7176 42.5674 47.9008L40.2972 46.4409L36.0809 43.7297V50.8684C33.2552 53.087 31.2327 56.2824 30.5223 59.946H27V67.7297H31.0372C32.3282 71.557 35.1015 74.6985 38.6755 76.4865V82\" stroke=\"#333333\" stroke-linecap=\"round\" stroke-linejoin=\"round\"><\/path><circle cx=\"39.3244\" cy=\"59.9459\" r=\"1.44595\" stroke=\"#333333\"><\/circle><path d=\"M74.9999 63.5135C74.9999 65.1256 73.6931 66.4325 72.081 66.4325C70.469 66.4325 69.1621 65.1256 69.1621 63.5135\" stroke=\"#333333\"><\/path><\/svg>\t\t\t\t<\/a>\n\t\t\t<\/div>\n\t\t\t\n\t\t\t\t\t\t<div class=\"elementor-icon-box-content\">\n\n\t\t\t\t\t\t\t\t\t<h3 class=\"elementor-icon-box-title\">\n\t\t\t\t\t\t<a href=\"https:\/\/thebarclaystudio.faire.com\/\" target=\"_blank\" rel=\"nofollow\" >\n\t\t\t\t\t\t\tPago a 60 d\u00edas\t\t\t\t\t\t<\/a>\n\t\t\t\t\t<\/h3>\n\t\t\t\t\n\t\t\t\t\t\t\t\t\t<p class=\"elementor-icon-box-description\">\n\t\t\t\t\t\tPaga sin estr\u00e9s\t\t\t\t\t<\/p>\n\t\t\t\t\n\t\t\t<\/div>\n\t\t\t\n\t\t<\/div>\n\t\t\t\t\t\t<\/div>\n\t\t\t\t<\/div>\n\t\t\t\t\t<\/div>\n\t\t<\/div>\n\t\t\t\t\t<\/div>\n\t\t<\/section>\n\t\t\t\t<div class=\"elementor-element elementor-element-637e1142 elementor-widget__width-initial elementor-invisible elementor-widget elementor-widget-text-editor\" data-id=\"637e1142\" data-element_type=\"widget\" data-e-type=\"widget\" data-settings=\"{&quot;_animation&quot;:&quot;fadeInUp&quot;}\" data-widget_type=\"text-editor.default\">\n\t\t\t\t<div class=\"elementor-widget-container\">\n\t\t\t\t\t\t\t\t\t<p>Reg\u00edstrate en FAIRE y te llevar\u00e1s 100 \u20ac de descuento en tu primer pedido, m\u00e1s env\u00edos gratuitos con nosotros durante todo un a\u00f1o.<\/p>\n\t\t\t\t\t\t\t\t<\/div>\n\t\t\t\t<\/div>\n\t\t\t\t<div class=\"elementor-element elementor-element-7d7a0afe elementor-widget elementor-widget-spacer\" data-id=\"7d7a0afe\" data-element_type=\"widget\" data-e-type=\"widget\" data-widget_type=\"spacer.default\">\n\t\t\t\t<div class=\"elementor-widget-container\">\n\t\t\t\t\t\t\t<div class=\"elementor-spacer\">\n\t\t\t<div class=\"elementor-spacer-inner\"><\/div>\n\t\t<\/div>\n\t\t\t\t\t\t<\/div>\n\t\t\t\t<\/div>\n\t\t\t\t<div class=\"elementor-element elementor-element-1325498e elementor-button-info elementor-invisible elementor-widget elementor-widget-button\" data-id=\"1325498e\" data-element_type=\"widget\" data-e-type=\"widget\" data-settings=\"{&quot;_animation&quot;:&quot;fadeInUp&quot;}\" data-widget_type=\"button.default\">\n\t\t\t\t<div class=\"elementor-widget-container\">\n\t\t\t\t\t\t\t\t\t<div class=\"elementor-button-wrapper\">\n\t\t\t\t\t<a class=\"elementor-button elementor-button-link elementor-size-sm\" href=\"https:\/\/thebarclaystudio.faire.com\/\" target=\"_blank\" rel=\"nofollow\">\n\t\t\t\t\t\t<span class=\"elementor-button-content-wrapper\">\n\t\t\t\t\t\t\t\t\t<span class=\"elementor-button-text\">Visita nuestra tienda en FAIRE<\/span>\n\t\t\t\t\t<\/span>\n\t\t\t\t\t<\/a>\n\t\t\t\t<\/div>\n\t\t\t\t\t\t\t\t<\/div>\n\t\t\t\t<\/div>\n\t\t\t\t<div class=\"elementor-element elementor-element-2d2c2c30 elementor-widget elementor-widget-text-editor\" data-id=\"2d2c2c30\" data-element_type=\"widget\" data-e-type=\"widget\" data-widget_type=\"text-editor.default\">\n\t\t\t\t<div class=\"elementor-widget-container\">\n\t\t\t\t\t\t\t\t\t<p>Registra tu tienda en FAIRE y empieza a comprar<\/p>\n\t\t\t\t\t\t\t\t<\/div>\n\t\t\t\t<\/div>\n\t\t\t\t\t<\/div>\n\t\t<\/div>\n\t\t\t\t<div class=\"elementor-column elementor-col-50 elementor-top-column elementor-element elementor-element-35738108\" data-id=\"35738108\" data-element_type=\"column\" data-e-type=\"column\" data-settings=\"{&quot;background_background&quot;:&quot;classic&quot;}\">\n\t\t\t<div class=\"elementor-widget-wrap elementor-element-populated\">\n\t\t\t\t\t\t<section class=\"elementor-section elementor-inner-section elementor-element elementor-element-2f0935ee elementor-section-boxed elementor-section-height-default elementor-section-height-default\" data-id=\"2f0935ee\" data-element_type=\"section\" data-e-type=\"section\">\n\t\t\t\t\t\t<div class=\"elementor-container elementor-column-gap-default\">\n\t\t\t\t\t<div class=\"elementor-column elementor-col-100 elementor-inner-column elementor-element elementor-element-408be8e8\" data-id=\"408be8e8\" data-element_type=\"column\" data-e-type=\"column\">\n\t\t\t<div class=\"elementor-widget-wrap elementor-element-populated\">\n\t\t\t\t\t\t<div class=\"elementor-element elementor-element-62c8dc2e elementor-widget elementor-widget-image\" data-id=\"62c8dc2e\" data-element_type=\"widget\" data-e-type=\"widget\" data-widget_type=\"image.default\">\n\t\t\t\t<div class=\"elementor-widget-container\">\n\t\t\t\t\t\t\t\t\t\t\t\t\t\t\t<img fetchpriority=\"high\" decoding=\"async\" width=\"1024\" height=\"1024\" src=\"https:\/\/thebarclaystudio.com\/wp-content\/uploads\/2022\/02\/img-1790-ccexpress-1024x1024.jpeg\" class=\"attachment-large size-large wp-image-2040\" alt=\"\" srcset=\"https:\/\/thebarclaystudio.com\/wp-content\/uploads\/2022\/02\/img-1790-ccexpress-1024x1024.jpeg 1024w, https:\/\/thebarclaystudio.com\/wp-content\/uploads\/2022\/02\/img-1790-ccexpress-300x300.jpeg 300w, https:\/\/thebarclaystudio.com\/wp-content\/uploads\/2022\/02\/img-1790-ccexpress-150x150.jpeg 150w, https:\/\/thebarclaystudio.com\/wp-content\/uploads\/2022\/02\/img-1790-ccexpress-768x768.jpeg 768w, https:\/\/thebarclaystudio.com\/wp-content\/uploads\/2022\/02\/img-1790-ccexpress-1536x1536.jpeg 1536w, https:\/\/thebarclaystudio.com\/wp-content\/uploads\/2022\/02\/img-1790-ccexpress.jpeg 2048w, https:\/\/thebarclaystudio.com\/wp-content\/uploads\/2022\/02\/img-1790-ccexpress-600x600.jpeg 600w, https:\/\/thebarclaystudio.com\/wp-content\/uploads\/2022\/02\/img-1790-ccexpress-100x100.jpeg 100w\" sizes=\"(max-width: 1024px) 100vw, 1024px\" \/>\t\t\t\t\t\t\t\t\t\t\t\t\t\t\t<\/div>\n\t\t\t\t<\/div>\n\t\t\t\t\t<\/div>\n\t\t<\/div>\n\t\t\t\t\t<\/div>\n\t\t<\/section>\n\t\t\t\t\t<\/div>\n\t\t<\/div>\n\t\t\t\t\t<\/div>\n\t\t<\/section>\n\t\t\t\t<\/div>\n\t\t<\/div>\n\t\t\t\t\t\t<\/div>\n\t\t\t\t<\/div>\n\t\t\t\t\t<\/div>\n\t\t<\/div>\n\t\t\t\t\t<\/div>\n\t\t<\/section>\n\t\t\t\t<\/div>\n\t\t","protected":false},"excerpt":{"rendered":"","protected":false},"author":2,"featured_media":0,"parent":0,"menu_order":0,"comment_status":"closed","ping_status":"closed","template":"views\/template-full.blade.php","meta":{"inline_featured_image":false,"footnotes":""},"class_list":["post-3613","page","type-page","status-publish","hentry"],"yoast_head":"<!-- This site is optimized with the Yoast SEO plugin v27.4 - https:\/\/yoast.com\/product\/yoast-seo-wordpress\/ -->\n<title>Compra al por mayor - The Barclay Studio<\/title>\n<meta name=\"robots\" content=\"index, follow, max-snippet:-1, max-image-preview:large, max-video-preview:-1\" \/>\n<link rel=\"canonical\" href=\"https:\/\/thebarclaystudio.com\/es\/compra-al-por-mayor\/\" \/>\n<meta property=\"og:locale\" content=\"es_ES\" \/>\n<meta property=\"og:type\" content=\"article\" \/>\n<meta property=\"og:title\" content=\"Compra al por mayor - The Barclay Studio\" \/>\n<meta property=\"og:url\" content=\"https:\/\/thebarclaystudio.com\/es\/compra-al-por-mayor\/\" \/>\n<meta property=\"og:site_name\" content=\"The Barclay Studio\" \/>\n<meta property=\"article:modified_time\" content=\"2023-01-04T09:49:01+00:00\" \/>\n<meta name=\"twitter:card\" content=\"summary_large_image\" \/>\n<script type=\"application\/ld+json\" class=\"yoast-schema-graph\">{\"@context\":\"https:\\\/\\\/schema.org\",\"@graph\":[{\"@type\":\"WebPage\",\"@id\":\"https:\\\/\\\/thebarclaystudio.com\\\/es\\\/compra-al-por-mayor\\\/\",\"url\":\"https:\\\/\\\/thebarclaystudio.com\\\/es\\\/compra-al-por-mayor\\\/\",\"name\":\"Compra al por mayor - The Barclay Studio\",\"isPartOf\":{\"@id\":\"https:\\\/\\\/thebarclaystudio.com\\\/es\\\/#website\"},\"datePublished\":\"2022-12-13T13:39:16+00:00\",\"dateModified\":\"2023-01-04T09:49:01+00:00\",\"breadcrumb\":{\"@id\":\"https:\\\/\\\/thebarclaystudio.com\\\/es\\\/compra-al-por-mayor\\\/#breadcrumb\"},\"inLanguage\":\"es\",\"potentialAction\":[{\"@type\":\"ReadAction\",\"target\":[\"https:\\\/\\\/thebarclaystudio.com\\\/es\\\/compra-al-por-mayor\\\/\"]}]},{\"@type\":\"BreadcrumbList\",\"@id\":\"https:\\\/\\\/thebarclaystudio.com\\\/es\\\/compra-al-por-mayor\\\/#breadcrumb\",\"itemListElement\":[{\"@type\":\"ListItem\",\"position\":1,\"name\":\"Home\",\"item\":\"https:\\\/\\\/thebarclaystudio.com\\\/es\\\/\"},{\"@type\":\"ListItem\",\"position\":2,\"name\":\"Compra al por mayor\"}]},{\"@type\":\"WebSite\",\"@id\":\"https:\\\/\\\/thebarclaystudio.com\\\/es\\\/#website\",\"url\":\"https:\\\/\\\/thebarclaystudio.com\\\/es\\\/\",\"name\":\"The Barclay Studio\",\"description\":\"Una forma de vida\",\"potentialAction\":[{\"@type\":\"SearchAction\",\"target\":{\"@type\":\"EntryPoint\",\"urlTemplate\":\"https:\\\/\\\/thebarclaystudio.com\\\/es\\\/?s={search_term_string}\"},\"query-input\":{\"@type\":\"PropertyValueSpecification\",\"valueRequired\":true,\"valueName\":\"search_term_string\"}}],\"inLanguage\":\"es\"}]}<\/script>\n<!-- \/ Yoast SEO plugin. -->","yoast_head_json":{"title":"Compra al por mayor - The Barclay Studio","robots":{"index":"index","follow":"follow","max-snippet":"max-snippet:-1","max-image-preview":"max-image-preview:large","max-video-preview":"max-video-preview:-1"},"canonical":"https:\/\/thebarclaystudio.com\/es\/compra-al-por-mayor\/","og_locale":"es_ES","og_type":"article","og_title":"Compra al por mayor - The Barclay Studio","og_url":"https:\/\/thebarclaystudio.com\/es\/compra-al-por-mayor\/","og_site_name":"The Barclay Studio","article_modified_time":"2023-01-04T09:49:01+00:00","twitter_card":"summary_large_image","schema":{"@context":"https:\/\/schema.org","@graph":[{"@type":"WebPage","@id":"https:\/\/thebarclaystudio.com\/es\/compra-al-por-mayor\/","url":"https:\/\/thebarclaystudio.com\/es\/compra-al-por-mayor\/","name":"Compra al por mayor - The Barclay Studio","isPartOf":{"@id":"https:\/\/thebarclaystudio.com\/es\/#website"},"datePublished":"2022-12-13T13:39:16+00:00","dateModified":"2023-01-04T09:49:01+00:00","breadcrumb":{"@id":"https:\/\/thebarclaystudio.com\/es\/compra-al-por-mayor\/#breadcrumb"},"inLanguage":"es","potentialAction":[{"@type":"ReadAction","target":["https:\/\/thebarclaystudio.com\/es\/compra-al-por-mayor\/"]}]},{"@type":"BreadcrumbList","@id":"https:\/\/thebarclaystudio.com\/es\/compra-al-por-mayor\/#breadcrumb","itemListElement":[{"@type":"ListItem","position":1,"name":"Home","item":"https:\/\/thebarclaystudio.com\/es\/"},{"@type":"ListItem","position":2,"name":"Compra al por mayor"}]},{"@type":"WebSite","@id":"https:\/\/thebarclaystudio.com\/es\/#website","url":"https:\/\/thebarclaystudio.com\/es\/","name":"The Barclay Studio","description":"Una forma de vida","potentialAction":[{"@type":"SearchAction","target":{"@type":"EntryPoint","urlTemplate":"https:\/\/thebarclaystudio.com\/es\/?s={search_term_string}"},"query-input":{"@type":"PropertyValueSpecification","valueRequired":true,"valueName":"search_term_string"}}],"inLanguage":"es"}]}},"_links":{"self":[{"href":"https:\/\/thebarclaystudio.com\/es\/wp-json\/wp\/v2\/pages\/3613","targetHints":{"allow":["GET"]}}],"collection":[{"href":"https:\/\/thebarclaystudio.com\/es\/wp-json\/wp\/v2\/pages"}],"about":[{"href":"https:\/\/thebarclaystudio.com\/es\/wp-json\/wp\/v2\/types\/page"}],"author":[{"embeddable":true,"href":"https:\/\/thebarclaystudio.com\/es\/wp-json\/wp\/v2\/users\/2"}],"replies":[{"embeddable":true,"href":"https:\/\/thebarclaystudio.com\/es\/wp-json\/wp\/v2\/comments?post=3613"}],"version-history":[{"count":1,"href":"https:\/\/thebarclaystudio.com\/es\/wp-json\/wp\/v2\/pages\/3613\/revisions"}],"predecessor-version":[{"id":3614,"href":"https:\/\/thebarclaystudio.com\/es\/wp-json\/wp\/v2\/pages\/3613\/revisions\/3614"}],"wp:attachment":[{"href":"https:\/\/thebarclaystudio.com\/es\/wp-json\/wp\/v2\/media?parent=3613"}],"curies":[{"name":"wp","href":"https:\/\/api.w.org\/{rel}","templated":true}]}}