{"id":1896,"date":"2022-02-01T11:52:26","date_gmt":"2022-02-01T10:52:26","guid":{"rendered":"https:\/\/thebarclaystudio.com\/shop\/sin%20categor\u00eda\/platos\/"},"modified":"2022-12-01T12:36:27","modified_gmt":"2022-12-01T11:36:27","slug":"platos","status":"publish","type":"product","link":"https:\/\/thebarclaystudio.com\/es\/shop\/the-table-collection-es\/the-timeless-collection-es\/platos\/","title":{"rendered":"Platos"},"content":{"rendered":"<p>\u00bfC\u00f3mo cuidar tu producto?<\/p>\n<ul>\n<li>A prueba de lavavajillas<\/li>\n<li>Limpiar despu\u00e9s de cada uso<\/li>\n<li>Almacenar en un lugar limpio y seco.<\/li>\n<li>No apto para horno.<\/li>\n<\/ul>\n<p>*** Debido al proceso de elaboraci\u00f3n manual de cada pieza, las medidas y colores pueden variar ligeramente. Tenga en cuenta que las manchas de grasa no se pueden eliminar de las superficies no esmaltadas.<\/p>\n","protected":false},"excerpt":{"rendered":"<p>\u00a1Nos encanta la delicadeza de nuestros platos!<\/p>\n<p>Con su peso ligero, delgadez y forma irregular son perfectos para toda ocasi\u00f3n y complementar\u00e1n muy bien cualquier mesa. Mezcla y combina tama\u00f1os y formas para crear tu \u00fanico y propio juego de mesa.<\/p>\n","protected":false},"featured_media":1065,"comment_status":"open","ping_status":"closed","template":"","meta":{"inline_featured_image":false},"product_brand":[],"product_cat":[56,58],"product_tag":[],"class_list":{"0":"post-1896","1":"product","2":"type-product","3":"status-publish","4":"has-post-thumbnail","6":"product_cat-the-table-collection-es","7":"product_cat-the-timeless-collection-es","9":"first","10":"instock","11":"featured","12":"taxable","13":"shipping-taxable","14":"purchasable","15":"product-type-variable","16":"has-default-attributes"},"yoast_head":"<!-- This site is optimized with the Yoast SEO plugin v27.3 - https:\/\/yoast.com\/product\/yoast-seo-wordpress\/ -->\n<title>Platos - The Barclay Studio<\/title>\n<meta name=\"robots\" content=\"index, follow, max-snippet:-1, max-image-preview:large, max-video-preview:-1\" \/>\n<link rel=\"canonical\" href=\"https:\/\/thebarclaystudio.com\/es\/shop\/the-table-collection-es\/the-timeless-collection-es\/platos\/\" \/>\n<meta property=\"og:locale\" content=\"es_ES\" \/>\n<meta property=\"og:type\" content=\"article\" \/>\n<meta property=\"og:title\" content=\"Platos - The Barclay Studio\" \/>\n<meta property=\"og:description\" content=\"\u00a1Nos encanta la delicadeza de nuestros platos!  Con su peso ligero, delgadez y forma irregular son perfectos para toda ocasi\u00f3n y complementar\u00e1n muy bien cualquier mesa. Mezcla y combina tama\u00f1os y formas para crear tu \u00fanico y propio juego de mesa.\" \/>\n<meta property=\"og:url\" content=\"https:\/\/thebarclaystudio.com\/es\/shop\/the-table-collection-es\/the-timeless-collection-es\/platos\/\" \/>\n<meta property=\"og:site_name\" content=\"The Barclay Studio\" \/>\n<meta property=\"article:modified_time\" content=\"2022-12-01T11:36:27+00:00\" \/>\n<meta property=\"og:image\" content=\"https:\/\/thebarclaystudio.com\/wp-content\/uploads\/2022\/02\/big-eggshell-plate-4-ccexpress.jpeg\" \/>\n\t<meta property=\"og:image:width\" content=\"2048\" \/>\n\t<meta property=\"og:image:height\" content=\"2048\" \/>\n\t<meta property=\"og:image:type\" content=\"image\/jpeg\" \/>\n<meta name=\"twitter:card\" content=\"summary_large_image\" \/>\n<script type=\"application\/ld+json\" class=\"yoast-schema-graph\">{\"@context\":\"https:\\\/\\\/schema.org\",\"@graph\":[{\"@type\":\"WebPage\",\"@id\":\"https:\\\/\\\/thebarclaystudio.com\\\/es\\\/shop\\\/the-table-collection-es\\\/the-timeless-collection-es\\\/platos\\\/\",\"url\":\"https:\\\/\\\/thebarclaystudio.com\\\/es\\\/shop\\\/the-table-collection-es\\\/the-timeless-collection-es\\\/platos\\\/\",\"name\":\"Platos - The Barclay Studio\",\"isPartOf\":{\"@id\":\"https:\\\/\\\/thebarclaystudio.com\\\/es\\\/#website\"},\"primaryImageOfPage\":{\"@id\":\"https:\\\/\\\/thebarclaystudio.com\\\/es\\\/shop\\\/the-table-collection-es\\\/the-timeless-collection-es\\\/platos\\\/#primaryimage\"},\"image\":{\"@id\":\"https:\\\/\\\/thebarclaystudio.com\\\/es\\\/shop\\\/the-table-collection-es\\\/the-timeless-collection-es\\\/platos\\\/#primaryimage\"},\"thumbnailUrl\":\"https:\\\/\\\/thebarclaystudio.com\\\/wp-content\\\/uploads\\\/2022\\\/02\\\/big-eggshell-plate-4-ccexpress.jpeg\",\"datePublished\":\"2022-02-01T10:52:26+00:00\",\"dateModified\":\"2022-12-01T11:36:27+00:00\",\"breadcrumb\":{\"@id\":\"https:\\\/\\\/thebarclaystudio.com\\\/es\\\/shop\\\/the-table-collection-es\\\/the-timeless-collection-es\\\/platos\\\/#breadcrumb\"},\"inLanguage\":\"es\",\"potentialAction\":[{\"@type\":\"ReadAction\",\"target\":[\"https:\\\/\\\/thebarclaystudio.com\\\/es\\\/shop\\\/the-table-collection-es\\\/the-timeless-collection-es\\\/platos\\\/\"]}]},{\"@type\":\"ImageObject\",\"inLanguage\":\"es\",\"@id\":\"https:\\\/\\\/thebarclaystudio.com\\\/es\\\/shop\\\/the-table-collection-es\\\/the-timeless-collection-es\\\/platos\\\/#primaryimage\",\"url\":\"https:\\\/\\\/thebarclaystudio.com\\\/wp-content\\\/uploads\\\/2022\\\/02\\\/big-eggshell-plate-4-ccexpress.jpeg\",\"contentUrl\":\"https:\\\/\\\/thebarclaystudio.com\\\/wp-content\\\/uploads\\\/2022\\\/02\\\/big-eggshell-plate-4-ccexpress.jpeg\",\"width\":2048,\"height\":2048},{\"@type\":\"BreadcrumbList\",\"@id\":\"https:\\\/\\\/thebarclaystudio.com\\\/es\\\/shop\\\/the-table-collection-es\\\/the-timeless-collection-es\\\/platos\\\/#breadcrumb\",\"itemListElement\":[{\"@type\":\"ListItem\",\"position\":1,\"name\":\"Home\",\"item\":\"https:\\\/\\\/thebarclaystudio.com\\\/es\\\/\"},{\"@type\":\"ListItem\",\"position\":2,\"name\":\"Tienda\",\"item\":\"https:\\\/\\\/thebarclaystudio.com\\\/es\\\/tienda\\\/\"},{\"@type\":\"ListItem\",\"position\":3,\"name\":\"Platos\"}]},{\"@type\":\"WebSite\",\"@id\":\"https:\\\/\\\/thebarclaystudio.com\\\/es\\\/#website\",\"url\":\"https:\\\/\\\/thebarclaystudio.com\\\/es\\\/\",\"name\":\"The Barclay Studio\",\"description\":\"Una forma de vida\",\"potentialAction\":[{\"@type\":\"SearchAction\",\"target\":{\"@type\":\"EntryPoint\",\"urlTemplate\":\"https:\\\/\\\/thebarclaystudio.com\\\/es\\\/?s={search_term_string}\"},\"query-input\":{\"@type\":\"PropertyValueSpecification\",\"valueRequired\":true,\"valueName\":\"search_term_string\"}}],\"inLanguage\":\"es\"}]}<\/script>\n<!-- \/ Yoast SEO plugin. -->","yoast_head_json":{"title":"Platos - The Barclay Studio","robots":{"index":"index","follow":"follow","max-snippet":"max-snippet:-1","max-image-preview":"max-image-preview:large","max-video-preview":"max-video-preview:-1"},"canonical":"https:\/\/thebarclaystudio.com\/es\/shop\/the-table-collection-es\/the-timeless-collection-es\/platos\/","og_locale":"es_ES","og_type":"article","og_title":"Platos - The Barclay Studio","og_description":"\u00a1Nos encanta la delicadeza de nuestros platos!  Con su peso ligero, delgadez y forma irregular son perfectos para toda ocasi\u00f3n y complementar\u00e1n muy bien cualquier mesa. Mezcla y combina tama\u00f1os y formas para crear tu \u00fanico y propio juego de mesa.","og_url":"https:\/\/thebarclaystudio.com\/es\/shop\/the-table-collection-es\/the-timeless-collection-es\/platos\/","og_site_name":"The Barclay Studio","article_modified_time":"2022-12-01T11:36:27+00:00","og_image":[{"width":2048,"height":2048,"url":"https:\/\/thebarclaystudio.com\/wp-content\/uploads\/2022\/02\/big-eggshell-plate-4-ccexpress.jpeg","type":"image\/jpeg"}],"twitter_card":"summary_large_image","schema":{"@context":"https:\/\/schema.org","@graph":[{"@type":"WebPage","@id":"https:\/\/thebarclaystudio.com\/es\/shop\/the-table-collection-es\/the-timeless-collection-es\/platos\/","url":"https:\/\/thebarclaystudio.com\/es\/shop\/the-table-collection-es\/the-timeless-collection-es\/platos\/","name":"Platos - The Barclay Studio","isPartOf":{"@id":"https:\/\/thebarclaystudio.com\/es\/#website"},"primaryImageOfPage":{"@id":"https:\/\/thebarclaystudio.com\/es\/shop\/the-table-collection-es\/the-timeless-collection-es\/platos\/#primaryimage"},"image":{"@id":"https:\/\/thebarclaystudio.com\/es\/shop\/the-table-collection-es\/the-timeless-collection-es\/platos\/#primaryimage"},"thumbnailUrl":"https:\/\/thebarclaystudio.com\/wp-content\/uploads\/2022\/02\/big-eggshell-plate-4-ccexpress.jpeg","datePublished":"2022-02-01T10:52:26+00:00","dateModified":"2022-12-01T11:36:27+00:00","breadcrumb":{"@id":"https:\/\/thebarclaystudio.com\/es\/shop\/the-table-collection-es\/the-timeless-collection-es\/platos\/#breadcrumb"},"inLanguage":"es","potentialAction":[{"@type":"ReadAction","target":["https:\/\/thebarclaystudio.com\/es\/shop\/the-table-collection-es\/the-timeless-collection-es\/platos\/"]}]},{"@type":"ImageObject","inLanguage":"es","@id":"https:\/\/thebarclaystudio.com\/es\/shop\/the-table-collection-es\/the-timeless-collection-es\/platos\/#primaryimage","url":"https:\/\/thebarclaystudio.com\/wp-content\/uploads\/2022\/02\/big-eggshell-plate-4-ccexpress.jpeg","contentUrl":"https:\/\/thebarclaystudio.com\/wp-content\/uploads\/2022\/02\/big-eggshell-plate-4-ccexpress.jpeg","width":2048,"height":2048},{"@type":"BreadcrumbList","@id":"https:\/\/thebarclaystudio.com\/es\/shop\/the-table-collection-es\/the-timeless-collection-es\/platos\/#breadcrumb","itemListElement":[{"@type":"ListItem","position":1,"name":"Home","item":"https:\/\/thebarclaystudio.com\/es\/"},{"@type":"ListItem","position":2,"name":"Tienda","item":"https:\/\/thebarclaystudio.com\/es\/tienda\/"},{"@type":"ListItem","position":3,"name":"Platos"}]},{"@type":"WebSite","@id":"https:\/\/thebarclaystudio.com\/es\/#website","url":"https:\/\/thebarclaystudio.com\/es\/","name":"The Barclay Studio","description":"Una forma de vida","potentialAction":[{"@type":"SearchAction","target":{"@type":"EntryPoint","urlTemplate":"https:\/\/thebarclaystudio.com\/es\/?s={search_term_string}"},"query-input":{"@type":"PropertyValueSpecification","valueRequired":true,"valueName":"search_term_string"}}],"inLanguage":"es"}]}},"_links":{"self":[{"href":"https:\/\/thebarclaystudio.com\/es\/wp-json\/wp\/v2\/product\/1896","targetHints":{"allow":["GET"]}}],"collection":[{"href":"https:\/\/thebarclaystudio.com\/es\/wp-json\/wp\/v2\/product"}],"about":[{"href":"https:\/\/thebarclaystudio.com\/es\/wp-json\/wp\/v2\/types\/product"}],"replies":[{"embeddable":true,"href":"https:\/\/thebarclaystudio.com\/es\/wp-json\/wp\/v2\/comments?post=1896"}],"wp:featuredmedia":[{"embeddable":true,"href":"https:\/\/thebarclaystudio.com\/es\/wp-json\/wp\/v2\/media\/1065"}],"wp:attachment":[{"href":"https:\/\/thebarclaystudio.com\/es\/wp-json\/wp\/v2\/media?parent=1896"}],"wp:term":[{"taxonomy":"product_brand","embeddable":true,"href":"https:\/\/thebarclaystudio.com\/es\/wp-json\/wp\/v2\/product_brand?post=1896"},{"taxonomy":"product_cat","embeddable":true,"href":"https:\/\/thebarclaystudio.com\/es\/wp-json\/wp\/v2\/product_cat?post=1896"},{"taxonomy":"product_tag","embeddable":true,"href":"https:\/\/thebarclaystudio.com\/es\/wp-json\/wp\/v2\/product_tag?post=1896"}],"curies":[{"name":"wp","href":"https:\/\/api.w.org\/{rel}","templated":true}]}}