{"id":3021,"date":"2022-06-30T17:47:06","date_gmt":"2022-06-30T15:47:06","guid":{"rendered":"https:\/\/thebarclaystudio.com\/?post_type=product&#038;p=3021"},"modified":"2022-06-30T18:28:31","modified_gmt":"2022-06-30T16:28:31","slug":"boles-de-aromaterapia","status":"publish","type":"product","link":"https:\/\/thebarclaystudio.com\/es\/shop\/the-table-collection-es\/la-coleccion-wellness\/boles-de-aromaterapia\/","title":{"rendered":"Boles de Aromaterapia"},"content":{"rendered":"<p>\u00bfC\u00f3mo cuidar de su producto?:<\/p>\n<ul>\n<li>A prueba de lavavajillas<\/li>\n<li>Limpiar despu\u00e9s de cada uso<\/li>\n<li>Almacenar en un lugar limpio y seco.<\/li>\n<li>No apto para horno.<\/li>\n<\/ul>\n<p>*** Debido al proceso de elaboraci\u00f3n manual de cada pieza, las medidas y colores pueden variar ligeramente. Tenga en cuenta que las manchas de grasa no se pueden eliminar de las superficies no esmaltadas.<\/p>\n","protected":false},"excerpt":{"rendered":"<p>Estos peque\u00f1os boles de aromaterapia se concibieron como parte de nuestra colecci\u00f3n de bienestar. La idea era crear cuencos peque\u00f1os que pudieras usar para mezclar tus aceites esenciales para tus sesiones de aromaterapia. Pero ya sabes que nos encanta que nuestros productos sean vers\u00e1tiles, por eso les hemos a\u00f1adido una peque\u00f1a tapa para que le puedas dar m\u00faltiples usos. Perfectos para guardar joyas, productos de afeitado, jabones, algodones&#8230; \u00a1t\u00fa decides!<\/p>\n<p>Estos boles son la esencia de los productos artesanales, atemporales y de gran calidad, \u00a1por eso son el regalo perfecto!<\/p>\n","protected":false},"featured_media":3029,"comment_status":"closed","ping_status":"closed","template":"","meta":{"inline_featured_image":false},"product_brand":[],"product_cat":[171,56],"product_tag":[70],"class_list":{"0":"post-3021","1":"product","2":"type-product","3":"status-publish","4":"has-post-thumbnail","6":"product_cat-la-coleccion-wellness","7":"product_cat-the-table-collection-es","8":"product_tag-preventa","10":"first","11":"onbackorder","12":"taxable","13":"shipping-taxable","14":"purchasable","15":"product-type-variable"},"yoast_head":"<!-- This site is optimized with the Yoast SEO plugin v27.4 - https:\/\/yoast.com\/product\/yoast-seo-wordpress\/ -->\n<title>Boles de Aromaterapia - The Barclay Studio<\/title>\n<meta name=\"robots\" content=\"index, follow, max-snippet:-1, max-image-preview:large, max-video-preview:-1\" \/>\n<link rel=\"canonical\" href=\"https:\/\/thebarclaystudio.com\/es\/shop\/the-table-collection-es\/la-coleccion-wellness\/boles-de-aromaterapia\/\" \/>\n<meta property=\"og:locale\" content=\"es_ES\" \/>\n<meta property=\"og:type\" content=\"article\" \/>\n<meta property=\"og:title\" content=\"Boles de Aromaterapia - The Barclay Studio\" \/>\n<meta property=\"og:description\" content=\"Estos peque\u00f1os boles de aromaterapia se concibieron como parte de nuestra colecci\u00f3n de bienestar. La idea era crear cuencos peque\u00f1os que pudieras usar para mezclar tus aceites esenciales para tus sesiones de aromaterapia. Pero ya sabes que nos encanta que nuestros productos sean vers\u00e1tiles, por eso les hemos a\u00f1adido una peque\u00f1a tapa para que le puedas dar m\u00faltiples usos. Perfectos para guardar joyas, productos de afeitado, jabones, algodones... \u00a1t\u00fa decides!  Estos boles son la esencia de los productos artesanales, atemporales y de gran calidad, \u00a1por eso son el regalo perfecto!\" \/>\n<meta property=\"og:url\" content=\"https:\/\/thebarclaystudio.com\/es\/shop\/the-table-collection-es\/la-coleccion-wellness\/boles-de-aromaterapia\/\" \/>\n<meta property=\"og:site_name\" content=\"The Barclay Studio\" \/>\n<meta property=\"article:modified_time\" content=\"2022-06-30T16:28:31+00:00\" \/>\n<meta property=\"og:image\" content=\"https:\/\/thebarclaystudio.com\/wp-content\/uploads\/2022\/06\/img-6926-adobe-express-1.jpeg\" \/>\n\t<meta property=\"og:image:width\" content=\"2048\" \/>\n\t<meta property=\"og:image:height\" content=\"2048\" \/>\n\t<meta property=\"og:image:type\" content=\"image\/jpeg\" \/>\n<meta name=\"twitter:card\" content=\"summary_large_image\" \/>\n<script type=\"application\/ld+json\" class=\"yoast-schema-graph\">{\"@context\":\"https:\\\/\\\/schema.org\",\"@graph\":[{\"@type\":\"WebPage\",\"@id\":\"https:\\\/\\\/thebarclaystudio.com\\\/es\\\/shop\\\/the-table-collection-es\\\/la-coleccion-wellness\\\/boles-de-aromaterapia\\\/\",\"url\":\"https:\\\/\\\/thebarclaystudio.com\\\/es\\\/shop\\\/the-table-collection-es\\\/la-coleccion-wellness\\\/boles-de-aromaterapia\\\/\",\"name\":\"Boles de Aromaterapia - The Barclay Studio\",\"isPartOf\":{\"@id\":\"https:\\\/\\\/thebarclaystudio.com\\\/es\\\/#website\"},\"primaryImageOfPage\":{\"@id\":\"https:\\\/\\\/thebarclaystudio.com\\\/es\\\/shop\\\/the-table-collection-es\\\/la-coleccion-wellness\\\/boles-de-aromaterapia\\\/#primaryimage\"},\"image\":{\"@id\":\"https:\\\/\\\/thebarclaystudio.com\\\/es\\\/shop\\\/the-table-collection-es\\\/la-coleccion-wellness\\\/boles-de-aromaterapia\\\/#primaryimage\"},\"thumbnailUrl\":\"https:\\\/\\\/thebarclaystudio.com\\\/wp-content\\\/uploads\\\/2022\\\/06\\\/img-6926-adobe-express-1.jpeg\",\"datePublished\":\"2022-06-30T15:47:06+00:00\",\"dateModified\":\"2022-06-30T16:28:31+00:00\",\"breadcrumb\":{\"@id\":\"https:\\\/\\\/thebarclaystudio.com\\\/es\\\/shop\\\/the-table-collection-es\\\/la-coleccion-wellness\\\/boles-de-aromaterapia\\\/#breadcrumb\"},\"inLanguage\":\"es\",\"potentialAction\":[{\"@type\":\"ReadAction\",\"target\":[\"https:\\\/\\\/thebarclaystudio.com\\\/es\\\/shop\\\/the-table-collection-es\\\/la-coleccion-wellness\\\/boles-de-aromaterapia\\\/\"]}]},{\"@type\":\"ImageObject\",\"inLanguage\":\"es\",\"@id\":\"https:\\\/\\\/thebarclaystudio.com\\\/es\\\/shop\\\/the-table-collection-es\\\/la-coleccion-wellness\\\/boles-de-aromaterapia\\\/#primaryimage\",\"url\":\"https:\\\/\\\/thebarclaystudio.com\\\/wp-content\\\/uploads\\\/2022\\\/06\\\/img-6926-adobe-express-1.jpeg\",\"contentUrl\":\"https:\\\/\\\/thebarclaystudio.com\\\/wp-content\\\/uploads\\\/2022\\\/06\\\/img-6926-adobe-express-1.jpeg\",\"width\":2048,\"height\":2048},{\"@type\":\"BreadcrumbList\",\"@id\":\"https:\\\/\\\/thebarclaystudio.com\\\/es\\\/shop\\\/the-table-collection-es\\\/la-coleccion-wellness\\\/boles-de-aromaterapia\\\/#breadcrumb\",\"itemListElement\":[{\"@type\":\"ListItem\",\"position\":1,\"name\":\"Home\",\"item\":\"https:\\\/\\\/thebarclaystudio.com\\\/es\\\/\"},{\"@type\":\"ListItem\",\"position\":2,\"name\":\"Tienda\",\"item\":\"https:\\\/\\\/thebarclaystudio.com\\\/es\\\/tienda\\\/\"},{\"@type\":\"ListItem\",\"position\":3,\"name\":\"Boles de Aromaterapia\"}]},{\"@type\":\"WebSite\",\"@id\":\"https:\\\/\\\/thebarclaystudio.com\\\/es\\\/#website\",\"url\":\"https:\\\/\\\/thebarclaystudio.com\\\/es\\\/\",\"name\":\"The Barclay Studio\",\"description\":\"Una forma de vida\",\"potentialAction\":[{\"@type\":\"SearchAction\",\"target\":{\"@type\":\"EntryPoint\",\"urlTemplate\":\"https:\\\/\\\/thebarclaystudio.com\\\/es\\\/?s={search_term_string}\"},\"query-input\":{\"@type\":\"PropertyValueSpecification\",\"valueRequired\":true,\"valueName\":\"search_term_string\"}}],\"inLanguage\":\"es\"}]}<\/script>\n<!-- \/ Yoast SEO plugin. -->","yoast_head_json":{"title":"Boles de Aromaterapia - The Barclay Studio","robots":{"index":"index","follow":"follow","max-snippet":"max-snippet:-1","max-image-preview":"max-image-preview:large","max-video-preview":"max-video-preview:-1"},"canonical":"https:\/\/thebarclaystudio.com\/es\/shop\/the-table-collection-es\/la-coleccion-wellness\/boles-de-aromaterapia\/","og_locale":"es_ES","og_type":"article","og_title":"Boles de Aromaterapia - The Barclay Studio","og_description":"Estos peque\u00f1os boles de aromaterapia se concibieron como parte de nuestra colecci\u00f3n de bienestar. La idea era crear cuencos peque\u00f1os que pudieras usar para mezclar tus aceites esenciales para tus sesiones de aromaterapia. Pero ya sabes que nos encanta que nuestros productos sean vers\u00e1tiles, por eso les hemos a\u00f1adido una peque\u00f1a tapa para que le puedas dar m\u00faltiples usos. Perfectos para guardar joyas, productos de afeitado, jabones, algodones... \u00a1t\u00fa decides!  Estos boles son la esencia de los productos artesanales, atemporales y de gran calidad, \u00a1por eso son el regalo perfecto!","og_url":"https:\/\/thebarclaystudio.com\/es\/shop\/the-table-collection-es\/la-coleccion-wellness\/boles-de-aromaterapia\/","og_site_name":"The Barclay Studio","article_modified_time":"2022-06-30T16:28:31+00:00","og_image":[{"width":2048,"height":2048,"url":"https:\/\/thebarclaystudio.com\/wp-content\/uploads\/2022\/06\/img-6926-adobe-express-1.jpeg","type":"image\/jpeg"}],"twitter_card":"summary_large_image","schema":{"@context":"https:\/\/schema.org","@graph":[{"@type":"WebPage","@id":"https:\/\/thebarclaystudio.com\/es\/shop\/the-table-collection-es\/la-coleccion-wellness\/boles-de-aromaterapia\/","url":"https:\/\/thebarclaystudio.com\/es\/shop\/the-table-collection-es\/la-coleccion-wellness\/boles-de-aromaterapia\/","name":"Boles de Aromaterapia - The Barclay Studio","isPartOf":{"@id":"https:\/\/thebarclaystudio.com\/es\/#website"},"primaryImageOfPage":{"@id":"https:\/\/thebarclaystudio.com\/es\/shop\/the-table-collection-es\/la-coleccion-wellness\/boles-de-aromaterapia\/#primaryimage"},"image":{"@id":"https:\/\/thebarclaystudio.com\/es\/shop\/the-table-collection-es\/la-coleccion-wellness\/boles-de-aromaterapia\/#primaryimage"},"thumbnailUrl":"https:\/\/thebarclaystudio.com\/wp-content\/uploads\/2022\/06\/img-6926-adobe-express-1.jpeg","datePublished":"2022-06-30T15:47:06+00:00","dateModified":"2022-06-30T16:28:31+00:00","breadcrumb":{"@id":"https:\/\/thebarclaystudio.com\/es\/shop\/the-table-collection-es\/la-coleccion-wellness\/boles-de-aromaterapia\/#breadcrumb"},"inLanguage":"es","potentialAction":[{"@type":"ReadAction","target":["https:\/\/thebarclaystudio.com\/es\/shop\/the-table-collection-es\/la-coleccion-wellness\/boles-de-aromaterapia\/"]}]},{"@type":"ImageObject","inLanguage":"es","@id":"https:\/\/thebarclaystudio.com\/es\/shop\/the-table-collection-es\/la-coleccion-wellness\/boles-de-aromaterapia\/#primaryimage","url":"https:\/\/thebarclaystudio.com\/wp-content\/uploads\/2022\/06\/img-6926-adobe-express-1.jpeg","contentUrl":"https:\/\/thebarclaystudio.com\/wp-content\/uploads\/2022\/06\/img-6926-adobe-express-1.jpeg","width":2048,"height":2048},{"@type":"BreadcrumbList","@id":"https:\/\/thebarclaystudio.com\/es\/shop\/the-table-collection-es\/la-coleccion-wellness\/boles-de-aromaterapia\/#breadcrumb","itemListElement":[{"@type":"ListItem","position":1,"name":"Home","item":"https:\/\/thebarclaystudio.com\/es\/"},{"@type":"ListItem","position":2,"name":"Tienda","item":"https:\/\/thebarclaystudio.com\/es\/tienda\/"},{"@type":"ListItem","position":3,"name":"Boles de Aromaterapia"}]},{"@type":"WebSite","@id":"https:\/\/thebarclaystudio.com\/es\/#website","url":"https:\/\/thebarclaystudio.com\/es\/","name":"The Barclay Studio","description":"Una forma de vida","potentialAction":[{"@type":"SearchAction","target":{"@type":"EntryPoint","urlTemplate":"https:\/\/thebarclaystudio.com\/es\/?s={search_term_string}"},"query-input":{"@type":"PropertyValueSpecification","valueRequired":true,"valueName":"search_term_string"}}],"inLanguage":"es"}]}},"_links":{"self":[{"href":"https:\/\/thebarclaystudio.com\/es\/wp-json\/wp\/v2\/product\/3021","targetHints":{"allow":["GET"]}}],"collection":[{"href":"https:\/\/thebarclaystudio.com\/es\/wp-json\/wp\/v2\/product"}],"about":[{"href":"https:\/\/thebarclaystudio.com\/es\/wp-json\/wp\/v2\/types\/product"}],"replies":[{"embeddable":true,"href":"https:\/\/thebarclaystudio.com\/es\/wp-json\/wp\/v2\/comments?post=3021"}],"wp:featuredmedia":[{"embeddable":true,"href":"https:\/\/thebarclaystudio.com\/es\/wp-json\/wp\/v2\/media\/3029"}],"wp:attachment":[{"href":"https:\/\/thebarclaystudio.com\/es\/wp-json\/wp\/v2\/media?parent=3021"}],"wp:term":[{"taxonomy":"product_brand","embeddable":true,"href":"https:\/\/thebarclaystudio.com\/es\/wp-json\/wp\/v2\/product_brand?post=3021"},{"taxonomy":"product_cat","embeddable":true,"href":"https:\/\/thebarclaystudio.com\/es\/wp-json\/wp\/v2\/product_cat?post=3021"},{"taxonomy":"product_tag","embeddable":true,"href":"https:\/\/thebarclaystudio.com\/es\/wp-json\/wp\/v2\/product_tag?post=3021"}],"curies":[{"name":"wp","href":"https:\/\/api.w.org\/{rel}","templated":true}]}}